{"id":1354,"date":"2023-12-01T06:33:36","date_gmt":"2023-12-01T06:33:36","guid":{"rendered":"https:\/\/trimaifood.com\/about-us\/"},"modified":"2024-12-05T02:47:53","modified_gmt":"2024-12-05T02:47:53","slug":"about-us","status":"publish","type":"page","link":"https:\/\/trimaifood.com\/zh-hans\/","title":{"rendered":"\u4e3b\u9875"},"content":{"rendered":"","protected":false},"excerpt":{"rendered":"","protected":false},"author":1,"featured_media":1032,"parent":0,"menu_order":0,"comment_status":"closed","ping_status":"closed","template":"page-template\/home-template.php","meta":{"inline_featured_image":false,"footnotes":""},"class_list":["post-1354","page","type-page","status-publish","has-post-thumbnail","hentry"],"acf":[],"yoast_head":"<!-- This site is optimized with the Yoast SEO plugin v21.7 - https:\/\/yoast.com\/wordpress\/plugins\/seo\/ -->\n<title>\u4e3b\u9875 - TRIMAI FOOD<\/title>\n<meta name=\"robots\" content=\"index, follow, max-snippet:-1, max-image-preview:large, max-video-preview:-1\" \/>\n<link rel=\"canonical\" href=\"https:\/\/trimaifood.com\/zh-hans\/\" \/>\n<meta property=\"og:locale\" content=\"zh_CN\" \/>\n<meta property=\"og:type\" content=\"article\" \/>\n<meta property=\"og:title\" content=\"TRIMAI FOOD\" \/>\n<meta property=\"og:description\" content=\"Nh\u00e0 s\u1ea3n xu\u1ea5t g\u1ea1o \u0111\u1eb7t ch\u1ea5t l\u01b0\u1ee3ng v\u00e0 uy t\u00edn l\u00ean h\u00e0ng \u0111\u1ea7u\" \/>\n<meta property=\"og:url\" content=\"https:\/\/trimaifood.com\/zh-hans\/\" \/>\n<meta property=\"og:site_name\" content=\"TRIMAI FOOD\" \/>\n<meta property=\"article:modified_time\" content=\"2024-12-05T02:47:53+00:00\" \/>\n<meta property=\"og:image\" content=\"https:\/\/trimaifood.com\/wp-content\/uploads\/2023\/12\/thumbnail-default.png\" \/>\n\t<meta property=\"og:image:width\" content=\"500\" \/>\n\t<meta property=\"og:image:height\" content=\"350\" \/>\n\t<meta property=\"og:image:type\" content=\"image\/png\" \/>\n<meta name=\"twitter:card\" content=\"summary_large_image\" \/>\n<meta name=\"twitter:label1\" content=\"Est. reading time\" \/>\n\t<meta name=\"twitter:data1\" content=\"1 minute\" \/>\n<script type=\"application\/ld+json\" class=\"yoast-schema-graph\">{\"@context\":\"https:\/\/schema.org\",\"@graph\":[{\"@type\":\"WebPage\",\"@id\":\"https:\/\/trimaifood.com\/zh-hans\/\",\"url\":\"https:\/\/trimaifood.com\/zh-hans\/\",\"name\":\"\u4e3b\u9875 - TRIMAI FOOD\",\"isPartOf\":{\"@id\":\"https:\/\/trimaifood.com\/#website\"},\"datePublished\":\"2023-12-01T06:33:36+00:00\",\"dateModified\":\"2024-12-05T02:47:53+00:00\",\"breadcrumb\":{\"@id\":\"https:\/\/trimaifood.com\/zh-hans\/#breadcrumb\"},\"inLanguage\":\"zh-CN\",\"potentialAction\":[{\"@type\":\"ReadAction\",\"target\":[\"https:\/\/trimaifood.com\/zh-hans\/\"]}]},{\"@type\":\"BreadcrumbList\",\"@id\":\"https:\/\/trimaifood.com\/zh-hans\/#breadcrumb\",\"itemListElement\":[{\"@type\":\"ListItem\",\"position\":1,\"name\":\"Trang ch\u1ee7\",\"item\":\"https:\/\/trimaifood.com\/zh-hans\/\"},{\"@type\":\"ListItem\",\"position\":2,\"name\":\"\u4e3b\u9875\"}]},{\"@type\":\"WebSite\",\"@id\":\"https:\/\/trimaifood.com\/#website\",\"url\":\"https:\/\/trimaifood.com\/\",\"name\":\"TRIMAI FOOD\",\"description\":\"Nh\u00e0 s\u1ea3n xu\u1ea5t g\u1ea1o \u0111\u1eb7t ch\u1ea5t l\u01b0\u1ee3ng v\u00e0 uy t\u00edn l\u00ean h\u00e0ng \u0111\u1ea7u\",\"publisher\":{\"@id\":\"https:\/\/trimaifood.com\/#organization\"},\"potentialAction\":[{\"@type\":\"SearchAction\",\"target\":{\"@type\":\"EntryPoint\",\"urlTemplate\":\"https:\/\/trimaifood.com\/?s={search_term_string}\"},\"query-input\":\"required name=search_term_string\"}],\"inLanguage\":\"zh-CN\"},{\"@type\":\"Organization\",\"@id\":\"https:\/\/trimaifood.com\/#organization\",\"name\":\"TRIMAI FOOD\",\"url\":\"https:\/\/trimaifood.com\/\",\"logo\":{\"@type\":\"ImageObject\",\"inLanguage\":\"zh-CN\",\"@id\":\"https:\/\/trimaifood.com\/#\/schema\/logo\/image\/\",\"url\":\"https:\/\/trimaifood.com\/wp-content\/uploads\/2023\/12\/logo.png\",\"contentUrl\":\"https:\/\/trimaifood.com\/wp-content\/uploads\/2023\/12\/logo.png\",\"width\":440,\"height\":382,\"caption\":\"TRIMAI FOOD\"},\"image\":{\"@id\":\"https:\/\/trimaifood.com\/#\/schema\/logo\/image\/\"}}]}<\/script>\n<!-- \/ Yoast SEO plugin. -->","yoast_head_json":{"title":"\u4e3b\u9875 - TRIMAI FOOD","robots":{"index":"index","follow":"follow","max-snippet":"max-snippet:-1","max-image-preview":"max-image-preview:large","max-video-preview":"max-video-preview:-1"},"canonical":"https:\/\/trimaifood.com\/zh-hans\/","og_locale":"zh_CN","og_type":"article","og_title":"TRIMAI FOOD","og_description":"Nh\u00e0 s\u1ea3n xu\u1ea5t g\u1ea1o \u0111\u1eb7t ch\u1ea5t l\u01b0\u1ee3ng v\u00e0 uy t\u00edn l\u00ean h\u00e0ng \u0111\u1ea7u","og_url":"https:\/\/trimaifood.com\/zh-hans\/","og_site_name":"TRIMAI FOOD","article_modified_time":"2024-12-05T02:47:53+00:00","og_image":[{"width":500,"height":350,"url":"https:\/\/trimaifood.com\/wp-content\/uploads\/2023\/12\/thumbnail-default.png","type":"image\/png"}],"twitter_card":"summary_large_image","twitter_misc":{"Est. reading time":"1 minute"},"schema":{"@context":"https:\/\/schema.org","@graph":[{"@type":"WebPage","@id":"https:\/\/trimaifood.com\/zh-hans\/","url":"https:\/\/trimaifood.com\/zh-hans\/","name":"\u4e3b\u9875 - TRIMAI FOOD","isPartOf":{"@id":"https:\/\/trimaifood.com\/#website"},"datePublished":"2023-12-01T06:33:36+00:00","dateModified":"2024-12-05T02:47:53+00:00","breadcrumb":{"@id":"https:\/\/trimaifood.com\/zh-hans\/#breadcrumb"},"inLanguage":"zh-CN","potentialAction":[{"@type":"ReadAction","target":["https:\/\/trimaifood.com\/zh-hans\/"]}]},{"@type":"BreadcrumbList","@id":"https:\/\/trimaifood.com\/zh-hans\/#breadcrumb","itemListElement":[{"@type":"ListItem","position":1,"name":"Trang ch\u1ee7","item":"https:\/\/trimaifood.com\/zh-hans\/"},{"@type":"ListItem","position":2,"name":"\u4e3b\u9875"}]},{"@type":"WebSite","@id":"https:\/\/trimaifood.com\/#website","url":"https:\/\/trimaifood.com\/","name":"TRIMAI FOOD","description":"Nh\u00e0 s\u1ea3n xu\u1ea5t g\u1ea1o \u0111\u1eb7t ch\u1ea5t l\u01b0\u1ee3ng v\u00e0 uy t\u00edn l\u00ean h\u00e0ng \u0111\u1ea7u","publisher":{"@id":"https:\/\/trimaifood.com\/#organization"},"potentialAction":[{"@type":"SearchAction","target":{"@type":"EntryPoint","urlTemplate":"https:\/\/trimaifood.com\/?s={search_term_string}"},"query-input":"required name=search_term_string"}],"inLanguage":"zh-CN"},{"@type":"Organization","@id":"https:\/\/trimaifood.com\/#organization","name":"TRIMAI FOOD","url":"https:\/\/trimaifood.com\/","logo":{"@type":"ImageObject","inLanguage":"zh-CN","@id":"https:\/\/trimaifood.com\/#\/schema\/logo\/image\/","url":"https:\/\/trimaifood.com\/wp-content\/uploads\/2023\/12\/logo.png","contentUrl":"https:\/\/trimaifood.com\/wp-content\/uploads\/2023\/12\/logo.png","width":440,"height":382,"caption":"TRIMAI FOOD"},"image":{"@id":"https:\/\/trimaifood.com\/#\/schema\/logo\/image\/"}}]}},"_links":{"self":[{"href":"https:\/\/trimaifood.com\/zh-hans\/wp-json\/wp\/v2\/pages\/1354","targetHints":{"allow":["GET"]}}],"collection":[{"href":"https:\/\/trimaifood.com\/zh-hans\/wp-json\/wp\/v2\/pages"}],"about":[{"href":"https:\/\/trimaifood.com\/zh-hans\/wp-json\/wp\/v2\/types\/page"}],"author":[{"embeddable":true,"href":"https:\/\/trimaifood.com\/zh-hans\/wp-json\/wp\/v2\/users\/1"}],"replies":[{"embeddable":true,"href":"https:\/\/trimaifood.com\/zh-hans\/wp-json\/wp\/v2\/comments?post=1354"}],"version-history":[{"count":6,"href":"https:\/\/trimaifood.com\/zh-hans\/wp-json\/wp\/v2\/pages\/1354\/revisions"}],"predecessor-version":[{"id":1398,"href":"https:\/\/trimaifood.com\/zh-hans\/wp-json\/wp\/v2\/pages\/1354\/revisions\/1398"}],"wp:featuredmedia":[{"embeddable":true,"href":"https:\/\/trimaifood.com\/zh-hans\/wp-json\/wp\/v2\/media\/1032"}],"wp:attachment":[{"href":"https:\/\/trimaifood.com\/zh-hans\/wp-json\/wp\/v2\/media?parent=1354"}],"curies":[{"name":"wp","href":"https:\/\/api.w.org\/{rel}","templated":true}]}}