{"id":1352,"date":"2023-12-01T06:38:59","date_gmt":"2023-12-01T06:38:59","guid":{"rendered":"https:\/\/trimaifood.com\/about-us-2\/"},"modified":"2024-11-22T04:53:06","modified_gmt":"2024-11-22T04:53:06","slug":"about-us-2","status":"publish","type":"page","link":"https:\/\/trimaifood.com\/zh-hans\/about-us-2\/","title":{"rendered":"\u5173\u4e8e\u6211\u4eec"},"content":{"rendered":"","protected":false},"excerpt":{"rendered":"","protected":false},"author":1,"featured_media":0,"parent":0,"menu_order":0,"comment_status":"closed","ping_status":"closed","template":"page-template\/about-template.php","meta":{"inline_featured_image":false,"footnotes":""},"class_list":["post-1352","page","type-page","status-publish","hentry"],"acf":[],"yoast_head":"<!-- This site is optimized with the Yoast SEO plugin v21.7 - https:\/\/yoast.com\/wordpress\/plugins\/seo\/ -->\n<title>\u5173\u4e8e\u6211\u4eec - TRIMAI FOOD<\/title>\n<meta name=\"robots\" content=\"index, follow, max-snippet:-1, max-image-preview:large, max-video-preview:-1\" \/>\n<link rel=\"canonical\" href=\"https:\/\/trimaifood.com\/zh-hans\/about-us-2\/\" \/>\n<meta property=\"og:locale\" content=\"zh_CN\" \/>\n<meta property=\"og:type\" content=\"article\" \/>\n<meta property=\"og:title\" content=\"\u5173\u4e8e\u6211\u4eec - TRIMAI FOOD\" \/>\n<meta property=\"og:url\" content=\"https:\/\/trimaifood.com\/zh-hans\/about-us-2\/\" \/>\n<meta property=\"og:site_name\" content=\"TRIMAI FOOD\" \/>\n<meta property=\"article:modified_time\" content=\"2024-11-22T04:53:06+00:00\" \/>\n<meta property=\"og:image\" content=\"https:\/\/trimaifood.com\/wp-content\/uploads\/2023\/12\/thumbnail-default.png\" \/>\n\t<meta property=\"og:image:width\" content=\"500\" \/>\n\t<meta property=\"og:image:height\" content=\"350\" \/>\n\t<meta property=\"og:image:type\" content=\"image\/png\" \/>\n<meta name=\"twitter:card\" content=\"summary_large_image\" \/>\n<script type=\"application\/ld+json\" class=\"yoast-schema-graph\">{\"@context\":\"https:\/\/schema.org\",\"@graph\":[{\"@type\":\"WebPage\",\"@id\":\"https:\/\/trimaifood.com\/zh-hans\/about-us-2\/\",\"url\":\"https:\/\/trimaifood.com\/zh-hans\/about-us-2\/\",\"name\":\"\u5173\u4e8e\u6211\u4eec - TRIMAI FOOD\",\"isPartOf\":{\"@id\":\"https:\/\/trimaifood.com\/#website\"},\"datePublished\":\"2023-12-01T06:38:59+00:00\",\"dateModified\":\"2024-11-22T04:53:06+00:00\",\"breadcrumb\":{\"@id\":\"https:\/\/trimaifood.com\/zh-hans\/about-us-2\/#breadcrumb\"},\"inLanguage\":\"zh-CN\",\"potentialAction\":[{\"@type\":\"ReadAction\",\"target\":[\"https:\/\/trimaifood.com\/zh-hans\/about-us-2\/\"]}]},{\"@type\":\"BreadcrumbList\",\"@id\":\"https:\/\/trimaifood.com\/zh-hans\/about-us-2\/#breadcrumb\",\"itemListElement\":[{\"@type\":\"ListItem\",\"position\":1,\"name\":\"Trang ch\u1ee7\",\"item\":\"https:\/\/trimaifood.com\/zh-hans\/\"},{\"@type\":\"ListItem\",\"position\":2,\"name\":\"\u5173\u4e8e\u6211\u4eec\"}]},{\"@type\":\"WebSite\",\"@id\":\"https:\/\/trimaifood.com\/#website\",\"url\":\"https:\/\/trimaifood.com\/\",\"name\":\"TRIMAI FOOD\",\"description\":\"Nh\u00e0 s\u1ea3n xu\u1ea5t g\u1ea1o \u0111\u1eb7t ch\u1ea5t l\u01b0\u1ee3ng v\u00e0 uy t\u00edn l\u00ean h\u00e0ng \u0111\u1ea7u\",\"publisher\":{\"@id\":\"https:\/\/trimaifood.com\/#organization\"},\"potentialAction\":[{\"@type\":\"SearchAction\",\"target\":{\"@type\":\"EntryPoint\",\"urlTemplate\":\"https:\/\/trimaifood.com\/?s={search_term_string}\"},\"query-input\":\"required name=search_term_string\"}],\"inLanguage\":\"zh-CN\"},{\"@type\":\"Organization\",\"@id\":\"https:\/\/trimaifood.com\/#organization\",\"name\":\"TRIMAI FOOD\",\"url\":\"https:\/\/trimaifood.com\/\",\"logo\":{\"@type\":\"ImageObject\",\"inLanguage\":\"zh-CN\",\"@id\":\"https:\/\/trimaifood.com\/#\/schema\/logo\/image\/\",\"url\":\"https:\/\/trimaifood.com\/wp-content\/uploads\/2023\/12\/logo.png\",\"contentUrl\":\"https:\/\/trimaifood.com\/wp-content\/uploads\/2023\/12\/logo.png\",\"width\":440,\"height\":382,\"caption\":\"TRIMAI FOOD\"},\"image\":{\"@id\":\"https:\/\/trimaifood.com\/#\/schema\/logo\/image\/\"}}]}<\/script>\n<!-- \/ Yoast SEO plugin. -->","yoast_head_json":{"title":"\u5173\u4e8e\u6211\u4eec - TRIMAI FOOD","robots":{"index":"index","follow":"follow","max-snippet":"max-snippet:-1","max-image-preview":"max-image-preview:large","max-video-preview":"max-video-preview:-1"},"canonical":"https:\/\/trimaifood.com\/zh-hans\/about-us-2\/","og_locale":"zh_CN","og_type":"article","og_title":"\u5173\u4e8e\u6211\u4eec - TRIMAI FOOD","og_url":"https:\/\/trimaifood.com\/zh-hans\/about-us-2\/","og_site_name":"TRIMAI FOOD","article_modified_time":"2024-11-22T04:53:06+00:00","og_image":[{"width":500,"height":350,"url":"https:\/\/trimaifood.com\/wp-content\/uploads\/2023\/12\/thumbnail-default.png","type":"image\/png"}],"twitter_card":"summary_large_image","schema":{"@context":"https:\/\/schema.org","@graph":[{"@type":"WebPage","@id":"https:\/\/trimaifood.com\/zh-hans\/about-us-2\/","url":"https:\/\/trimaifood.com\/zh-hans\/about-us-2\/","name":"\u5173\u4e8e\u6211\u4eec - TRIMAI FOOD","isPartOf":{"@id":"https:\/\/trimaifood.com\/#website"},"datePublished":"2023-12-01T06:38:59+00:00","dateModified":"2024-11-22T04:53:06+00:00","breadcrumb":{"@id":"https:\/\/trimaifood.com\/zh-hans\/about-us-2\/#breadcrumb"},"inLanguage":"zh-CN","potentialAction":[{"@type":"ReadAction","target":["https:\/\/trimaifood.com\/zh-hans\/about-us-2\/"]}]},{"@type":"BreadcrumbList","@id":"https:\/\/trimaifood.com\/zh-hans\/about-us-2\/#breadcrumb","itemListElement":[{"@type":"ListItem","position":1,"name":"Trang ch\u1ee7","item":"https:\/\/trimaifood.com\/zh-hans\/"},{"@type":"ListItem","position":2,"name":"\u5173\u4e8e\u6211\u4eec"}]},{"@type":"WebSite","@id":"https:\/\/trimaifood.com\/#website","url":"https:\/\/trimaifood.com\/","name":"TRIMAI FOOD","description":"Nh\u00e0 s\u1ea3n xu\u1ea5t g\u1ea1o \u0111\u1eb7t ch\u1ea5t l\u01b0\u1ee3ng v\u00e0 uy t\u00edn l\u00ean h\u00e0ng \u0111\u1ea7u","publisher":{"@id":"https:\/\/trimaifood.com\/#organization"},"potentialAction":[{"@type":"SearchAction","target":{"@type":"EntryPoint","urlTemplate":"https:\/\/trimaifood.com\/?s={search_term_string}"},"query-input":"required name=search_term_string"}],"inLanguage":"zh-CN"},{"@type":"Organization","@id":"https:\/\/trimaifood.com\/#organization","name":"TRIMAI FOOD","url":"https:\/\/trimaifood.com\/","logo":{"@type":"ImageObject","inLanguage":"zh-CN","@id":"https:\/\/trimaifood.com\/#\/schema\/logo\/image\/","url":"https:\/\/trimaifood.com\/wp-content\/uploads\/2023\/12\/logo.png","contentUrl":"https:\/\/trimaifood.com\/wp-content\/uploads\/2023\/12\/logo.png","width":440,"height":382,"caption":"TRIMAI FOOD"},"image":{"@id":"https:\/\/trimaifood.com\/#\/schema\/logo\/image\/"}}]}},"_links":{"self":[{"href":"https:\/\/trimaifood.com\/zh-hans\/wp-json\/wp\/v2\/pages\/1352","targetHints":{"allow":["GET"]}}],"collection":[{"href":"https:\/\/trimaifood.com\/zh-hans\/wp-json\/wp\/v2\/pages"}],"about":[{"href":"https:\/\/trimaifood.com\/zh-hans\/wp-json\/wp\/v2\/types\/page"}],"author":[{"embeddable":true,"href":"https:\/\/trimaifood.com\/zh-hans\/wp-json\/wp\/v2\/users\/1"}],"replies":[{"embeddable":true,"href":"https:\/\/trimaifood.com\/zh-hans\/wp-json\/wp\/v2\/comments?post=1352"}],"version-history":[{"count":1,"href":"https:\/\/trimaifood.com\/zh-hans\/wp-json\/wp\/v2\/pages\/1352\/revisions"}],"predecessor-version":[{"id":1367,"href":"https:\/\/trimaifood.com\/zh-hans\/wp-json\/wp\/v2\/pages\/1352\/revisions\/1367"}],"wp:attachment":[{"href":"https:\/\/trimaifood.com\/zh-hans\/wp-json\/wp\/v2\/media?parent=1352"}],"curies":[{"name":"wp","href":"https:\/\/api.w.org\/{rel}","templated":true}]}}